{"id":3751,"date":"2021-09-01T12:18:29","date_gmt":"2021-09-01T10:18:29","guid":{"rendered":"https:\/\/universalformers.com\/?page_id=3751"},"modified":"2024-02-20T17:49:08","modified_gmt":"2024-02-20T16:49:08","slug":"kontakt","status":"publish","type":"page","link":"https:\/\/universalformers.com\/en\/kontakt\/","title":{"rendered":"Contact"},"content":{"rendered":"\t\t<div data-elementor-type=\"wp-page\" data-elementor-id=\"3751\" class=\"elementor elementor-3751\" data-elementor-post-type=\"page\">\n\t\t\t\t\t\t<section class=\"elementor-section elementor-top-section elementor-element elementor-element-f9309aa elementor-section-boxed elementor-section-height-default elementor-section-height-default\" data-id=\"f9309aa\" data-element_type=\"section\" data-e-type=\"section\">\n\t\t\t\t\t\t<div class=\"elementor-container elementor-column-gap-default\">\n\t\t\t\t\t<div class=\"elementor-column elementor-col-100 elementor-top-column elementor-element elementor-element-5059f185\" data-id=\"5059f185\" data-element_type=\"column\" data-e-type=\"column\">\n\t\t\t<div class=\"elementor-widget-wrap elementor-element-populated\">\n\t\t\t\t\t\t<div class=\"elementor-element elementor-element-23462a63 elementor-widget elementor-widget-text-editor\" data-id=\"23462a63\" data-element_type=\"widget\" data-e-type=\"widget\" data-widget_type=\"text-editor.default\">\n\t\t\t\t<div class=\"elementor-widget-container\">\n\t\t\t\t\t\t\t\t\t<h1><b><u>Universal Formers<\/u><\/b><\/h1>\n<p>eine Marke der Lechenauer GmbH<\/p>\n<p>Bad Haller Stra\u00dfe 21<\/p>\n<p>A-4550 Kremsm\u00fcnster<\/p>\n<p>www.universalformers.at<\/p>\n<p>office@universalformers.com<\/p>\n<p>\u00a0<\/p>\t\t\t\t\t\t\t\t<\/div>\n\t\t\t\t<\/div>\n\t\t\t\t<div class=\"elementor-element elementor-element-257bb6f elementor-widget elementor-widget-heading\" data-id=\"257bb6f\" data-element_type=\"widget\" data-e-type=\"widget\" data-widget_type=\"heading.default\">\n\t\t\t\t<div class=\"elementor-widget-container\">\n\t\t\t\t\t<h2 class=\"elementor-heading-title elementor-size-default\">Weitere Info`s anfordern<\/h2>\t\t\t\t<\/div>\n\t\t\t\t<\/div>\n\t\t\t\t<div class=\"elementor-element elementor-element-85c5000 elementor-widget elementor-widget-wpforms\" data-id=\"85c5000\" data-element_type=\"widget\" data-e-type=\"widget\" data-widget_type=\"wpforms.default\">\n\t\t\t\t<div class=\"elementor-widget-container\">\n\t\t\t\t\t<div id=\"wpforms-5151\" consent-required=\"4774\" consent-by=\"services\" consent-id=\"5797\" consent-original-class-_=\"wpforms-container wpforms-container-full\"><form id=\"wpforms-form-5151\" class=\"wpforms-validate wpforms-form wpforms-ajax-form\" data-formid=\"5151\" method=\"post\" enctype=\"multipart\/form-data\" action=\"\/en\/wp-json\/wp\/v2\/pages\/3751\" data-token=\"292831a00c55dd14a9d051d2a68b64cb\" data-token-time=\"1778068777\"><noscript class=\"wpforms-error-noscript\">Please enable JavaScript in your browser to complete this form.<\/noscript><div class=\"wpforms-field-container\"><div id=\"wpforms-5151-field_0-container\" class=\"wpforms-field wpforms-field-name\" data-field-id=\"0\"><label class=\"wpforms-field-label\">Name <span class=\"wpforms-required-label\">*<\/span><\/label><div class=\"wpforms-field-row wpforms-field-medium\"><div class=\"wpforms-field-row-block wpforms-first wpforms-one-half\"><input type=\"text\" id=\"wpforms-5151-field_0\" class=\"wpforms-field-name-first wpforms-field-required\" name=\"wpforms[fields][0][first]\" required><label for=\"wpforms-5151-field_0\" class=\"wpforms-field-sublabel after\">First<\/label><\/div><div class=\"wpforms-field-row-block wpforms-one-half\"><input type=\"text\" id=\"wpforms-5151-field_0-last\" class=\"wpforms-field-name-last wpforms-field-required\" name=\"wpforms[fields][0][last]\" required><label for=\"wpforms-5151-field_0-last\" class=\"wpforms-field-sublabel after\">Last<\/label><\/div><\/div><\/div><div id=\"wpforms-5151-field_7-container\" class=\"wpforms-field wpforms-field-name\" data-field-id=\"7\"><label class=\"wpforms-field-label\" for=\"wpforms-5151-field_7\">Firma<\/label><input type=\"text\" id=\"wpforms-5151-field_7\" class=\"wpforms-field-small\" name=\"wpforms[fields][7]\" ><\/div><div id=\"wpforms-5151-field_1-container\" class=\"wpforms-field wpforms-field-email\" data-field-id=\"1\"><label class=\"wpforms-field-label\" for=\"wpforms-5151-field_1\">E-Mail <span class=\"wpforms-required-label\">*<\/span><\/label><input type=\"email\" id=\"wpforms-5151-field_1\" class=\"wpforms-field-medium wpforms-field-required\" name=\"wpforms[fields][1]\" spellcheck=\"false\" required><\/div><div id=\"wpforms-5151-field_6-container\" class=\"wpforms-field wpforms-field-textarea\" data-field-id=\"6\"><label class=\"wpforms-field-label\" for=\"wpforms-5151-field_6\">Nachricht:<\/label><textarea id=\"wpforms-5151-field_6\" class=\"wpforms-field-small\" name=\"wpforms[fields][6]\" ><\/textarea><\/div><div id=\"wpforms-5151-field_5-container\" class=\"wpforms-field wpforms-field-checkbox wpforms-list-inline\" data-field-id=\"5\"><label class=\"wpforms-field-label\">Info zu folgender Anlage anfordern<\/label><ul id=\"wpforms-5151-field_5\"><li class=\"choice-1 depth-1\"><input type=\"checkbox\" id=\"wpforms-5151-field_5_1\" name=\"wpforms[fields][5][]\" value=\"Vacuformer\"  ><label class=\"wpforms-field-label-inline\" for=\"wpforms-5151-field_5_1\">Vacuformer<\/label><\/li><li class=\"choice-2 depth-1\"><input type=\"checkbox\" id=\"wpforms-5151-field_5_2\" name=\"wpforms[fields][5][]\" value=\"Duoformer\"  ><label class=\"wpforms-field-label-inline\" for=\"wpforms-5151-field_5_2\">Duoformer<\/label><\/li><li class=\"choice-3 depth-1\"><input type=\"checkbox\" id=\"wpforms-5151-field_5_3\" name=\"wpforms[fields][5][]\" value=\"Ultraformer\"  ><label class=\"wpforms-field-label-inline\" for=\"wpforms-5151-field_5_3\">Ultraformer<\/label><\/li><li class=\"choice-4 depth-1\"><input type=\"checkbox\" id=\"wpforms-5151-field_5_4\" name=\"wpforms[fields][5][]\" value=\"Thermoformer\"  ><label class=\"wpforms-field-label-inline\" for=\"wpforms-5151-field_5_4\">Thermoformer<\/label><\/li><\/ul><\/div><div id=\"wpforms-5151-field_3-container\" class=\"wpforms-field wpforms-field-gdpr-checkbox\" data-field-id=\"3\"><label class=\"wpforms-field-label\">DSGVO-Einverst\u00e4ndnis <span class=\"wpforms-required-label\">*<\/span><\/label><ul id=\"wpforms-5151-field_3\" class=\"wpforms-field-required\"><li class=\"choice-1\"><input type=\"checkbox\" id=\"wpforms-5151-field_3_1\" name=\"wpforms[fields][3][]\" value=\"Ich willige ein, dass diese Website meine \u00fcbermittelten Informationen speichert, sodass meine Anfrage beantwortet werden kann.\" required ><label class=\"wpforms-field-label-inline\" for=\"wpforms-5151-field_3_1\">Ich willige ein, dass diese Website meine \u00fcbermittelten Informationen speichert, sodass meine Anfrage beantwortet werden kann.<\/label><\/li><\/ul><\/div><\/div><!-- .wpforms-field-container --><div class=\"wpforms-recaptcha-container wpforms-is-turnstile\" ><div class=\"wpforms-turnstile\" data-sitekey=\"0x4AAAAAABkkpShx5j0jO1ds\" data-action=\"FormID-5151\"><\/div><input type=\"text\" name=\"g-recaptcha-hidden\" class=\"wpforms-recaptcha-hidden\" style=\"position:absolute!important;clip:rect(0,0,0,0)!important;height:1px!important;width:1px!important;border:0!important;overflow:hidden!important;padding:0!important;margin:0!important;\" data-rule-turnstile=\"1\"><\/div><div class=\"wpforms-submit-container\" ><input type=\"hidden\" name=\"wpforms[id]\" value=\"5151\"><input type=\"hidden\" name=\"page_title\" value=\"\"><input type=\"hidden\" name=\"page_url\" value=\"https:\/\/universalformers.com\/en\/wp-json\/wp\/v2\/pages\/3751\"><input type=\"hidden\" name=\"url_referer\" value=\"https:\/\/universalformers.com\/en\/kontakt\/\"><button type=\"submit\" name=\"wpforms[submit]\" id=\"wpforms-submit-5151\" class=\"wpforms-submit\" data-alt-text=\"Senden\u2026\" data-submit-text=\"Absenden\" aria-live=\"assertive\" value=\"wpforms-submit\">Absenden<\/button><img decoding=\"async\" src=\"https:\/\/universalformers.com\/wp-content\/plugins\/wpforms\/assets\/images\/submit-spin.svg\" class=\"wpforms-submit-spinner\" style=\"display: none;\" width=\"26\" height=\"26\" alt=\"Loading\"><\/div><\/form><\/div>  <!-- .wpforms-container -->\t\t\t\t<\/div>\n\t\t\t\t<\/div>\n\t\t\t\t\t<\/div>\n\t\t<\/div>\n\t\t\t\t\t<\/div>\n\t\t<\/section>\n\t\t\t\t<section class=\"elementor-section elementor-top-section elementor-element elementor-element-b8aace8 elementor-section-boxed elementor-section-height-default elementor-section-height-default\" data-id=\"b8aace8\" data-element_type=\"section\" data-e-type=\"section\">\n\t\t\t\t\t\t<div class=\"elementor-container elementor-column-gap-default\">\n\t\t\t\t\t<div class=\"elementor-column elementor-col-50 elementor-top-column elementor-element elementor-element-60be26e\" data-id=\"60be26e\" data-element_type=\"column\" data-e-type=\"column\">\n\t\t\t<div class=\"elementor-widget-wrap\">\n\t\t\t\t\t\t\t<\/div>\n\t\t<\/div>\n\t\t\t\t<div class=\"elementor-column elementor-col-50 elementor-top-column elementor-element elementor-element-8eefe8d\" data-id=\"8eefe8d\" data-element_type=\"column\" data-e-type=\"column\">\n\t\t\t<div class=\"elementor-widget-wrap\">\n\t\t\t\t\t\t\t<\/div>\n\t\t<\/div>\n\t\t\t\t\t<\/div>\n\t\t<\/section>\n\t\t\t\t<section class=\"elementor-section elementor-top-section elementor-element elementor-element-8a1fc22 elementor-section-boxed elementor-section-height-default elementor-section-height-default\" data-id=\"8a1fc22\" data-element_type=\"section\" data-e-type=\"section\">\n\t\t\t\t\t\t<div class=\"elementor-container elementor-column-gap-default\">\n\t\t\t\t\t<div class=\"elementor-column elementor-col-100 elementor-top-column elementor-element elementor-element-e204642\" data-id=\"e204642\" data-element_type=\"column\" data-e-type=\"column\">\n\t\t\t<div class=\"elementor-widget-wrap elementor-element-populated\">\n\t\t\t\t\t\t<section class=\"elementor-section elementor-inner-section elementor-element elementor-element-7d273c2 elementor-section-boxed elementor-section-height-default elementor-section-height-default\" data-id=\"7d273c2\" data-element_type=\"section\" data-e-type=\"section\">\n\t\t\t\t\t\t<div class=\"elementor-container elementor-column-gap-default\">\n\t\t\t\t\t<div class=\"elementor-column elementor-col-50 elementor-inner-column elementor-element elementor-element-80043a3\" data-id=\"80043a3\" data-element_type=\"column\" data-e-type=\"column\">\n\t\t\t<div class=\"elementor-widget-wrap elementor-element-populated\">\n\t\t\t\t\t\t<div class=\"elementor-element elementor-element-6b1b952 elementor-widget elementor-widget-image\" data-id=\"6b1b952\" data-element_type=\"widget\" data-e-type=\"widget\" data-widget_type=\"image.default\">\n\t\t\t\t<div class=\"elementor-widget-container\">\n\t\t\t\t\t\t\t\t\t\t\t\t\t\t\t\t<a href=\"http:\/\/www.lechenauer.at\">\n\t\t\t\t\t\t\t<img fetchpriority=\"high\" decoding=\"async\" width=\"1024\" height=\"217\" src=\"https:\/\/universalformers.com\/wp-content\/uploads\/2021\/07\/Lechenauer_at-1024x217.jpg\" class=\"attachment-large size-large wp-image-3170\" alt=\"Lechenauer.at Maschinenbau-Kunststofftechnik Logo\" srcset=\"https:\/\/universalformers.com\/wp-content\/uploads\/2021\/07\/Lechenauer_at-1024x217.jpg 1024w, https:\/\/universalformers.com\/wp-content\/uploads\/2021\/07\/Lechenauer_at-300x63.jpg 300w, https:\/\/universalformers.com\/wp-content\/uploads\/2021\/07\/Lechenauer_at-768x163.jpg 768w, https:\/\/universalformers.com\/wp-content\/uploads\/2021\/07\/Lechenauer_at-1536x325.jpg 1536w, https:\/\/universalformers.com\/wp-content\/uploads\/2021\/07\/Lechenauer_at-16x3.jpg 16w, https:\/\/universalformers.com\/wp-content\/uploads\/2021\/07\/Lechenauer_at.jpg 1772w\" sizes=\"(max-width: 1024px) 100vw, 1024px\" \/>\t\t\t\t\t\t\t\t<\/a>\n\t\t\t\t\t\t\t\t\t\t\t\t\t\t\t<\/div>\n\t\t\t\t<\/div>\n\t\t\t\t\t<\/div>\n\t\t<\/div>\n\t\t\t\t<div class=\"elementor-column elementor-col-50 elementor-inner-column elementor-element elementor-element-0664c9d\" data-id=\"0664c9d\" data-element_type=\"column\" data-e-type=\"column\">\n\t\t\t<div class=\"elementor-widget-wrap elementor-element-populated\">\n\t\t\t\t\t\t<div class=\"elementor-element elementor-element-abf45f8 elementor-widget elementor-widget-text-editor\" data-id=\"abf45f8\" data-element_type=\"widget\" data-e-type=\"widget\" data-widget_type=\"text-editor.default\">\n\t\t\t\t<div class=\"elementor-widget-container\">\n\t\t\t\t\t\t\t\t\t<p>\u00a0<\/p><p>Universalformers Eine Marke der Lechenauer GmbH\u00a0<a href=\"https:\/\/www.lechenauer.at\/\">www.lechenauer.at<\/a><\/p>\t\t\t\t\t\t\t\t<\/div>\n\t\t\t\t<\/div>\n\t\t\t\t\t<\/div>\n\t\t<\/div>\n\t\t\t\t\t<\/div>\n\t\t<\/section>\n\t\t\t\t\t<\/div>\n\t\t<\/div>\n\t\t\t\t\t<\/div>\n\t\t<\/section>\n\t\t\t\t<\/div>\n\t\t","protected":false},"excerpt":{"rendered":"<p>Universal Formers eine Marke der Lechenauer GmbH Bad Haller Stra\u00dfe 21 A-4550 Kremsm\u00fcnster www.universalformers.at office@universalformers.com \u00a0 Weitere Info`s anfordern Bitte aktiviere JavaScript in deinem Browser, um dieses Formular fertigzustellen.Name *VornameNachnameFirmaE-Mail *Nachricht:Info zu folgender Anlage anfordern Vacuformer Duoformer Ultraformer Thermoformer DSGVO-Einverst\u00e4ndnis * Ich willige ein, dass diese Website meine \u00fcbermittelten Informationen speichert, sodass meine Anfrage beantwortet&hellip;&nbsp;<a href=\"https:\/\/universalformers.com\/en\/kontakt\/\" rel=\"bookmark\">Read More &raquo;<span class=\"screen-reader-text\">Contact<\/span><\/a><\/p>","protected":false},"author":4,"featured_media":0,"parent":0,"menu_order":0,"comment_status":"closed","ping_status":"closed","template":"","meta":{"neve_meta_sidebar":"full-width","neve_meta_container":"","neve_meta_enable_content_width":"on","neve_meta_content_width":100,"neve_meta_title_alignment":"","neve_meta_author_avatar":"","neve_post_elements_order":"","neve_meta_disable_header":"","neve_meta_disable_footer":"","neve_meta_disable_title":"","neve_meta_reading_time":"","_joinchat":[],"footnotes":""},"class_list":["post-3751","page","type-page","status-publish","hentry"],"yoast_head":"<!-- This site is optimized with the Yoast SEO plugin v27.2 - https:\/\/yoast.com\/product\/yoast-seo-wordpress\/ -->\n<title>Ihr direkter Draht zu Universalformers<\/title>\n<meta name=\"description\" content=\"Sie w\u00fcnschen mehr Informationen \u00fcber unsere Maschinen oder pers\u00f6nliche Beratung? Setzen Sie sich mit unserem Team in Verbindung!\" \/>\n<meta name=\"robots\" content=\"index, follow, max-snippet:-1, max-image-preview:large, max-video-preview:-1\" \/>\n<link rel=\"canonical\" href=\"https:\/\/universalformers.com\/en\/kontakt\/\" \/>\n<meta property=\"og:locale\" content=\"en_GB\" \/>\n<meta property=\"og:type\" content=\"article\" \/>\n<meta property=\"og:title\" content=\"Ihr direkter Draht zu Universalformers\" \/>\n<meta property=\"og:description\" content=\"Sie w\u00fcnschen mehr Informationen \u00fcber unsere Maschinen oder pers\u00f6nliche Beratung? Setzen Sie sich mit unserem Team in Verbindung!\" \/>\n<meta property=\"og:url\" content=\"https:\/\/universalformers.com\/en\/kontakt\/\" \/>\n<meta property=\"og:site_name\" content=\"universalformers\" \/>\n<meta property=\"article:modified_time\" content=\"2024-02-20T16:49:08+00:00\" \/>\n<meta property=\"og:image\" content=\"https:\/\/universalformers.com\/wp-content\/plugins\/wpforms\/assets\/images\/submit-spin.svg\" \/>\n<meta name=\"twitter:card\" content=\"summary_large_image\" \/>\n<meta name=\"twitter:label1\" content=\"Estimated reading time\" \/>\n\t<meta name=\"twitter:data1\" content=\"1 minute\" \/>\n<script type=\"application\/ld+json\" class=\"yoast-schema-graph\">{\"@context\":\"https:\/\/schema.org\",\"@graph\":[{\"@type\":\"WebPage\",\"@id\":\"https:\/\/universalformers.com\/kontakt\/\",\"url\":\"https:\/\/universalformers.com\/kontakt\/\",\"name\":\"Ihr direkter Draht zu Universalformers\",\"isPartOf\":{\"@id\":\"https:\/\/universalformers.com\/#website\"},\"primaryImageOfPage\":{\"@id\":\"https:\/\/universalformers.com\/kontakt\/#primaryimage\"},\"image\":{\"@id\":\"https:\/\/universalformers.com\/kontakt\/#primaryimage\"},\"thumbnailUrl\":\"https:\/\/universalformers.com\/wp-content\/plugins\/wpforms\/assets\/images\/submit-spin.svg\",\"datePublished\":\"2021-09-01T10:18:29+00:00\",\"dateModified\":\"2024-02-20T16:49:08+00:00\",\"description\":\"Sie w\u00fcnschen mehr Informationen \u00fcber unsere Maschinen oder pers\u00f6nliche Beratung? Setzen Sie sich mit unserem Team in Verbindung!\",\"breadcrumb\":{\"@id\":\"https:\/\/universalformers.com\/kontakt\/#breadcrumb\"},\"inLanguage\":\"en-GB\",\"potentialAction\":[{\"@type\":\"ReadAction\",\"target\":[\"https:\/\/universalformers.com\/kontakt\/\"]}]},{\"@type\":\"ImageObject\",\"inLanguage\":\"en-GB\",\"@id\":\"https:\/\/universalformers.com\/kontakt\/#primaryimage\",\"url\":\"https:\/\/universalformers.com\/wp-content\/plugins\/wpforms\/assets\/images\/submit-spin.svg\",\"contentUrl\":\"https:\/\/universalformers.com\/wp-content\/plugins\/wpforms\/assets\/images\/submit-spin.svg\"},{\"@type\":\"BreadcrumbList\",\"@id\":\"https:\/\/universalformers.com\/kontakt\/#breadcrumb\",\"itemListElement\":[{\"@type\":\"ListItem\",\"position\":1,\"name\":\"Startseite\",\"item\":\"https:\/\/universalformers.com\/\"},{\"@type\":\"ListItem\",\"position\":2,\"name\":\"Kontakt\"}]},{\"@type\":\"WebSite\",\"@id\":\"https:\/\/universalformers.com\/#website\",\"url\":\"https:\/\/universalformers.com\/\",\"name\":\"universalformers\",\"description\":\"DIREKT | EHRLICH | KOMPETENT\",\"publisher\":{\"@id\":\"https:\/\/universalformers.com\/#organization\"},\"alternateName\":\"VAKUUMPRESSEN UND THERMOFORMER\",\"potentialAction\":[{\"@type\":\"SearchAction\",\"target\":{\"@type\":\"EntryPoint\",\"urlTemplate\":\"https:\/\/universalformers.com\/?s={search_term_string}\"},\"query-input\":{\"@type\":\"PropertyValueSpecification\",\"valueRequired\":true,\"valueName\":\"search_term_string\"}}],\"inLanguage\":\"en-GB\"},{\"@type\":\"Organization\",\"@id\":\"https:\/\/universalformers.com\/#organization\",\"name\":\"Universalformers\",\"url\":\"https:\/\/universalformers.com\/\",\"logo\":{\"@type\":\"ImageObject\",\"inLanguage\":\"en-GB\",\"@id\":\"https:\/\/universalformers.com\/#\/schema\/logo\/image\/\",\"url\":\"https:\/\/universalformers.com\/wp-content\/uploads\/2021\/04\/universalformers_logo.png\",\"contentUrl\":\"https:\/\/universalformers.com\/wp-content\/uploads\/2021\/04\/universalformers_logo.png\",\"width\":450,\"height\":179,\"caption\":\"Universalformers\"},\"image\":{\"@id\":\"https:\/\/universalformers.com\/#\/schema\/logo\/image\/\"}}]}<\/script>\n<!-- \/ Yoast SEO plugin. -->","yoast_head_json":{"title":"Ihr direkter Draht zu Universalformers","description":"Sie w\u00fcnschen mehr Informationen \u00fcber unsere Maschinen oder pers\u00f6nliche Beratung? Setzen Sie sich mit unserem Team in Verbindung!","robots":{"index":"index","follow":"follow","max-snippet":"max-snippet:-1","max-image-preview":"max-image-preview:large","max-video-preview":"max-video-preview:-1"},"canonical":"https:\/\/universalformers.com\/en\/kontakt\/","og_locale":"en_GB","og_type":"article","og_title":"Ihr direkter Draht zu Universalformers","og_description":"Sie w\u00fcnschen mehr Informationen \u00fcber unsere Maschinen oder pers\u00f6nliche Beratung? Setzen Sie sich mit unserem Team in Verbindung!","og_url":"https:\/\/universalformers.com\/en\/kontakt\/","og_site_name":"universalformers","article_modified_time":"2024-02-20T16:49:08+00:00","og_image":[{"url":"https:\/\/universalformers.com\/wp-content\/plugins\/wpforms\/assets\/images\/submit-spin.svg","type":"","width":"","height":""}],"twitter_card":"summary_large_image","twitter_misc":{"Estimated reading time":"1 minute"},"schema":{"@context":"https:\/\/schema.org","@graph":[{"@type":"WebPage","@id":"https:\/\/universalformers.com\/kontakt\/","url":"https:\/\/universalformers.com\/kontakt\/","name":"Ihr direkter Draht zu Universalformers","isPartOf":{"@id":"https:\/\/universalformers.com\/#website"},"primaryImageOfPage":{"@id":"https:\/\/universalformers.com\/kontakt\/#primaryimage"},"image":{"@id":"https:\/\/universalformers.com\/kontakt\/#primaryimage"},"thumbnailUrl":"https:\/\/universalformers.com\/wp-content\/plugins\/wpforms\/assets\/images\/submit-spin.svg","datePublished":"2021-09-01T10:18:29+00:00","dateModified":"2024-02-20T16:49:08+00:00","description":"Sie w\u00fcnschen mehr Informationen \u00fcber unsere Maschinen oder pers\u00f6nliche Beratung? Setzen Sie sich mit unserem Team in Verbindung!","breadcrumb":{"@id":"https:\/\/universalformers.com\/kontakt\/#breadcrumb"},"inLanguage":"en-GB","potentialAction":[{"@type":"ReadAction","target":["https:\/\/universalformers.com\/kontakt\/"]}]},{"@type":"ImageObject","inLanguage":"en-GB","@id":"https:\/\/universalformers.com\/kontakt\/#primaryimage","url":"https:\/\/universalformers.com\/wp-content\/plugins\/wpforms\/assets\/images\/submit-spin.svg","contentUrl":"https:\/\/universalformers.com\/wp-content\/plugins\/wpforms\/assets\/images\/submit-spin.svg"},{"@type":"BreadcrumbList","@id":"https:\/\/universalformers.com\/kontakt\/#breadcrumb","itemListElement":[{"@type":"ListItem","position":1,"name":"Startseite","item":"https:\/\/universalformers.com\/"},{"@type":"ListItem","position":2,"name":"Kontakt"}]},{"@type":"WebSite","@id":"https:\/\/universalformers.com\/#website","url":"https:\/\/universalformers.com\/","name":"universalformers","description":"DIRECT | HONEST | COMPETENT","publisher":{"@id":"https:\/\/universalformers.com\/#organization"},"alternateName":"VAKUUMPRESSEN UND THERMOFORMER","potentialAction":[{"@type":"SearchAction","target":{"@type":"EntryPoint","urlTemplate":"https:\/\/universalformers.com\/?s={search_term_string}"},"query-input":{"@type":"PropertyValueSpecification","valueRequired":true,"valueName":"search_term_string"}}],"inLanguage":"en-GB"},{"@type":"Organization","@id":"https:\/\/universalformers.com\/#organization","name":"Universalformers","url":"https:\/\/universalformers.com\/","logo":{"@type":"ImageObject","inLanguage":"en-GB","@id":"https:\/\/universalformers.com\/#\/schema\/logo\/image\/","url":"https:\/\/universalformers.com\/wp-content\/uploads\/2021\/04\/universalformers_logo.png","contentUrl":"https:\/\/universalformers.com\/wp-content\/uploads\/2021\/04\/universalformers_logo.png","width":450,"height":179,"caption":"Universalformers"},"image":{"@id":"https:\/\/universalformers.com\/#\/schema\/logo\/image\/"}}]}},"_links":{"self":[{"href":"https:\/\/universalformers.com\/en\/wp-json\/wp\/v2\/pages\/3751","targetHints":{"allow":["GET"]}}],"collection":[{"href":"https:\/\/universalformers.com\/en\/wp-json\/wp\/v2\/pages"}],"about":[{"href":"https:\/\/universalformers.com\/en\/wp-json\/wp\/v2\/types\/page"}],"author":[{"embeddable":true,"href":"https:\/\/universalformers.com\/en\/wp-json\/wp\/v2\/users\/4"}],"replies":[{"embeddable":true,"href":"https:\/\/universalformers.com\/en\/wp-json\/wp\/v2\/comments?post=3751"}],"version-history":[{"count":11,"href":"https:\/\/universalformers.com\/en\/wp-json\/wp\/v2\/pages\/3751\/revisions"}],"predecessor-version":[{"id":5695,"href":"https:\/\/universalformers.com\/en\/wp-json\/wp\/v2\/pages\/3751\/revisions\/5695"}],"wp:attachment":[{"href":"https:\/\/universalformers.com\/en\/wp-json\/wp\/v2\/media?parent=3751"}],"curies":[{"name":"wp","href":"https:\/\/api.w.org\/{rel}","templated":true}]}}